{"id":145,"date":"2019-12-05T19:38:44","date_gmt":"2019-12-05T19:38:44","guid":{"rendered":"https:\/\/perfuenvases.com\/?post_type=product&#038;p=145"},"modified":"2023-01-13T04:58:31","modified_gmt":"2023-01-13T04:58:31","slug":"tienda-plata","status":"publish","type":"product","link":"https:\/\/perfuenvases.com\/?product=tienda-plata","title":{"rendered":"Tienda Plata"},"content":{"rendered":"<p>Esta tienda esta dise\u00f1ada para que sea el inicio de tu nueva vida, con este dise\u00f1o podr\u00e1s abrir tu nueva tienda y la ventaja que tiene son\u00a0 los beneficios de haber adquirido una franquicia de mas de 250,000 pesos pero sin haber invertido tal cantidad. Esta modalidad es ideal para que abras un local de perfumer\u00eda e ir creciendo poco a poco de la mano con nosotros.<\/p>\n<p>La puedes combinar perfectamente con tu empleo o comercio.<\/p>\n<p>Si deseas abrir un local, te asesoramos con el mobiliario para que ahorres aun mas.<\/p>\n<p>Nota: El retorno de inversi\u00f3n esta calculado para 60 d\u00edas con una venta de 4 perfumes diarios promedio.<\/p>\n","protected":false},"excerpt":{"rendered":"<ul>\n<li>La Perfumer\u00eda con Mayor crecimiento en M\u00e9xico.<\/li>\n<li>Asesor\u00eda en todo momento.<\/li>\n<li>Recuperaci\u00f3n de inversi\u00f3n de 60 d\u00edas, vendiendo 4 perfumes al d\u00eda promedio.<\/li>\n<\/ul>\n<p>Al realizar el pago recibir\u00e1s un listado de las esencias indicando las mas vendidas. y una llamada por parte de uno de nuestros asesores para ayudarte en el proceso de inicio de tu nuevo negocio.<\/p>\n<p><img loading=\"lazy\" class=\"alignnone size-full wp-image-325\" src=\"https:\/\/perfuenvases.com\/wp-content\/uploads\/2019\/12\/WhatsApp-Image-2020-06-27-at-10.13.58-PM.jpeg\" alt=\"\" width=\"518\" height=\"720\" srcset=\"https:\/\/perfuenvases.com\/wp-content\/uploads\/2019\/12\/WhatsApp-Image-2020-06-27-at-10.13.58-PM.jpeg 518w, https:\/\/perfuenvases.com\/wp-content\/uploads\/2019\/12\/WhatsApp-Image-2020-06-27-at-10.13.58-PM-216x300.jpeg 216w\" sizes=\"(max-width: 518px) 100vw, 518px\" \/><\/p>\n","protected":false},"featured_media":150,"comment_status":"open","ping_status":"closed","template":"","meta":[],"_links":{"self":[{"href":"https:\/\/perfuenvases.com\/index.php?rest_route=\/wp\/v2\/product\/145"}],"collection":[{"href":"https:\/\/perfuenvases.com\/index.php?rest_route=\/wp\/v2\/product"}],"about":[{"href":"https:\/\/perfuenvases.com\/index.php?rest_route=\/wp\/v2\/types\/product"}],"replies":[{"embeddable":true,"href":"https:\/\/perfuenvases.com\/index.php?rest_route=%2Fwp%2Fv2%2Fcomments&post=145"}],"wp:featuredmedia":[{"embeddable":true,"href":"https:\/\/perfuenvases.com\/index.php?rest_route=\/wp\/v2\/media\/150"}],"wp:attachment":[{"href":"https:\/\/perfuenvases.com\/index.php?rest_route=%2Fwp%2Fv2%2Fmedia&parent=145"}],"curies":[{"name":"wp","href":"https:\/\/api.w.org\/{rel}","templated":true}]}}