{"id":144,"date":"2019-12-05T19:20:24","date_gmt":"2019-12-05T19:20:24","guid":{"rendered":"https:\/\/perfuenvases.com\/?post_type=product&#038;p=144"},"modified":"2025-04-07T13:29:12","modified_gmt":"2025-04-07T13:29:12","slug":"tienda-premium","status":"publish","type":"product","link":"https:\/\/perfuenvases.com\/?product=tienda-premium","title":{"rendered":"Tienda Premium"},"content":{"rendered":"<p>Nuestro modelo es ideal para emprendedores con poco capital para invertir y deseen sacarle jugo a su cochera o agregar un producto adicional a su negocio. Ideal para barber\u00edas, est\u00e9ticas, tiendas ropa, cosm\u00e9ticos, regalos etc. Tambi\u00e9n lo puede combinar muy bien con su trabajo para generar ingreso extra, con una inversi\u00f3n muy baja \u00a0puedes tener tu propio negocio y crecer con nosotros.<\/p>\n<p>Si deseas abrir un local te asesoramos con el mobiliario para que reduzcas costos.<\/p>\n<p>Nota: el retorno de inversi\u00f3n es de 30 a 45 d\u00edas promedio vendiendo 3 perfumes diarios promedio.<\/p>\n","protected":false},"excerpt":{"rendered":"<ul>\n<li>La forma mas econ\u00f3mica de iniciar tu perfumer\u00eda.<\/li>\n<li>Asesor\u00eda en todo momento.<\/li>\n<li>Recuperaci\u00f3n de inversi\u00f3n de 30 a 45 d\u00edas, vendiendo 3 perfumes al d\u00eda.<\/li>\n<\/ul>\n<p>Al realizar el pago recibir\u00e1s un listado de las esencias indicando las mas vendidas. y una llamada por parte de uno de nuestros asesores para ayudarte en el proceso de inicio de tu nuevo negocio.<\/p>\n<p><img loading=\"lazy\" class=\"alignnone size-full wp-image-324\" src=\"https:\/\/perfuenvases.com\/wp-content\/uploads\/2019\/12\/WhatsApp-Image-2020-06-27-at-9.48.36-PM.jpeg\" alt=\"\" width=\"595\" height=\"720\" srcset=\"https:\/\/perfuenvases.com\/wp-content\/uploads\/2019\/12\/WhatsApp-Image-2020-06-27-at-9.48.36-PM.jpeg 595w, https:\/\/perfuenvases.com\/wp-content\/uploads\/2019\/12\/WhatsApp-Image-2020-06-27-at-9.48.36-PM-248x300.jpeg 248w\" sizes=\"(max-width: 595px) 100vw, 595px\" \/><\/p>\n","protected":false},"featured_media":150,"comment_status":"open","ping_status":"closed","template":"","meta":[],"_links":{"self":[{"href":"https:\/\/perfuenvases.com\/index.php?rest_route=\/wp\/v2\/product\/144"}],"collection":[{"href":"https:\/\/perfuenvases.com\/index.php?rest_route=\/wp\/v2\/product"}],"about":[{"href":"https:\/\/perfuenvases.com\/index.php?rest_route=\/wp\/v2\/types\/product"}],"replies":[{"embeddable":true,"href":"https:\/\/perfuenvases.com\/index.php?rest_route=%2Fwp%2Fv2%2Fcomments&post=144"}],"wp:featuredmedia":[{"embeddable":true,"href":"https:\/\/perfuenvases.com\/index.php?rest_route=\/wp\/v2\/media\/150"}],"wp:attachment":[{"href":"https:\/\/perfuenvases.com\/index.php?rest_route=%2Fwp%2Fv2%2Fmedia&parent=144"}],"curies":[{"name":"wp","href":"https:\/\/api.w.org\/{rel}","templated":true}]}}